{"id":150,"date":"2023-02-18T22:36:33","date_gmt":"2023-02-18T22:36:33","guid":{"rendered":"http:\/\/consultingtotalcr.com\/?page_id=150"},"modified":"2023-02-21T00:52:37","modified_gmt":"2023-02-21T00:52:37","slug":"diseno-web","status":"publish","type":"page","link":"https:\/\/consultingtotalcr.com\/?page_id=150","title":{"rendered":"Dise\u00f1o Web"},"content":{"rendered":"<body>\n\n\n\n\n<h2>Dise\u00f1o Web<\/h2>\n\n\n\n\n<p>el <strong>dise\u00f1o web<\/strong> de tu pagina dejalo en nuestras manos, con bases profesionales para que tu empresa o proyecto tengan la imagen que se merece en  internet. Paginas completas y efectivas,Hacemos que tu empresa se vea tan profesional como quieres que tus clientes te vean.<\/p>\n\n\n\n\n\n<p>Contamos con una amplia gama de\u00a0<span style=\"font-weight: 700;\">servicios de Dise\u00f1o de p\u00e1ginas web,Dise\u00f1o de Blog,Dise\u00f1o web en flash y html5,Sello de Calidad Web,<br>Animaci\u00f3n de logotipos,Dise\u00f1o y programaci\u00f3n de tiendas virtuales<\/span>\u00a0<span style=\"font-weight: 700;\">en Costa Rica<\/span><br><\/p>\n<p>disponibles para cubrir todas las necesidades que su empresa merece y con una alta calidad. Con trabajos 100% personalizados.<\/p>\n<p>que te har\u00e1n ganar dinero, adem\u00e1s de otorgarte el  dominio, hospedaje y SSL completos, correos oficiales y mucho m\u00e1s.<\/p>\n\n\n<h3>Qu\u00e9 ofrecemos:<\/h3>\n<p><span style=\"font-weight: 700;\">Dise\u00f1o de p\u00e1ginas web<\/span>: Ya sea profesional o personal.\u00a0\u00a0Para cualquier proyecto art\u00edstico o de emprendimiento. Hacemos que su p\u00e1gina web sea un instrumento para que ganes dinero.<br><\/p>\n<p><span style=\"font-weight: 700;\">Dise\u00f1o de Blog:<\/span>\u00a0\u00bfEres escritor o una personalidad de los negocios? \u00bfQuieres proyectar tu producto con una landing page? Un blog es lo necesario para comenzar. Trabajamos con los manejadores de contenido m\u00e1s novedosos y vers\u00e1tiles del momento.<br><\/p>\n<p><span style=\"font-weight: 700;\">Dise\u00f1o web en flash y html5<\/span>: Podemos hacer el dise\u00f1o web animado y vers\u00e1til. Buscamos que tus productos o animaciones se vean de la mejor calidad y que sorprenda al usuario.<\/p>\n<p><span style=\"font-weight: 700;\">Sello de Calidad Web<\/span>: \u00a0Los\u00a0<em>sellos de calidad y confianza online<\/em>\u00a0son distintivos que se proporcionan a los comercios electr\u00f3nicos o tiendas\u00a0virtuales\u00a0para demostrar su calidad y seguridad en la venta. Nosotros \u00a0te asesoramos y realizamos la auditor\u00eda a tu sitio web para otorgarle estos sellos de calidad y as\u00ed puedas generar m\u00e1s confianza en tus usuarios y clientes.<br><\/p>\n<p><span style=\"font-weight: 700;\">Animaci\u00f3n de logotipos<\/span>: Si piensas que tu logo se ve sin vida, podemos realizar una animaci\u00f3n para ti y generarte mucho m\u00e1s prestigio en tu p\u00e1gina web.<br><\/p>\n<p><span style=\"font-weight: 700;\">Dise\u00f1o y programaci\u00f3n de tiendas virtuales:<\/span>\u00a0Virtuemart, ecomerse, prestashop, magneto. Podemos realizar una gran gama de tiendas online \u00a0en diferentes tegnolog\u00edas que puedas gestionar desde tu casa u oficina<br><\/p>\n<p>Adem\u00e1s de asesorarte en todo lo que necesitas para vender correctamente.<br><\/p>\n<h3>Dise\u00f1o de cat\u00e1logos web Dise\u00f1o de web Corporativa,SEO,SEM<\/h3>\n<p><span style=\"font-weight: 700;\">Dise\u00f1o de cat\u00e1logos web<\/span>: \u00a0Si necesitas llevar tus productos todo el tiempo a la vista de todos \u00bfQu\u00e9 mejor que hacerlo desde una p\u00e1gina web? O si prefieres te entregamos un formato para que lo manejes en las presentaciones con tus clientes desde tu Tablet o laptop.<br><\/p>\n<p><span style=\"font-weight: 700;\">Dise\u00f1o de web Corporativa<\/span>: Tu empresa necesita el mejor desarrollo en dise\u00f1o web en base a sus necesidades. Perm\u00edtenos realizar un dise\u00f1o web inteligente que ayude a tus clientes a tomar la decisi\u00f3n de compra.<br><\/p>\n\n\n\n\n\n\n<h3>Optimizaci\u00f3n digital: \u00bfC\u00f3mo puedo hacer que mi web se posiciones en buscadores?<\/h3><p><span style=\"font-weight: 700;\">SEO<\/span>: \u00bfQu\u00e9 es SEO? El posicionamiento en buscadores u\u00a0<span style=\"font-weight: 700;\">Optimizaci\u00f3n de motores de b\u00fasqueda<\/span>\u00a0es el proceso de mejorar la visibilidad de un sitio de dise\u00f1o web en los resultados org\u00e1nicos de los diferentes buscadores.<\/p><p>Tambi\u00e9n es frecuente nombrarlo por su t\u00edtulo ingl\u00e9s, SEO (Search Engine Optimization). Para que tu p\u00e1gina web ya constituida o en proceso de elaboraci\u00f3n \u00a0pueda tener m\u00e1s visitantes,<\/p><p>es necesario que se encuentre bien posicionada en todos los buscadores,<\/p><p>ya sea google, yahoo, bing y otros. Nosotros sabemos c\u00f3mo y te podemos ayudar.<\/p>\n\n\n<p><span style=\"font-weight: 700;\">SEM<\/span>\u00a0Te ayudamos a enlazar tus productos a los sistemas de publicidad ofrecidos por los diferentes buscadores.\u00a0 El SEM (Search Engine Marketing)<\/p><p>es el mercadeo de productos o servicios a trav\u00e9s de buscadores, o como definici\u00f3n m\u00e1s llana,<\/p><p>es la posibilidad de crear campa\u00f1as de anuncios por clic en internet a trav\u00e9s de los buscadores m\u00e1s comunes. Como Yahoo o Google.<\/p><p>Estas herramientas nos las ofrecen los propios buscadores para publicitarnos a trav\u00e9s de sus medios (o servidores de anuncios)<\/p><p>para publicitarnos en sus medios de b\u00fasqueda o redes de contenidos.<\/p>\n\n\n\n\n<h3>SMM,Mercadeo Por Links,Posicionamiento del dise\u00f1o Web ,Ajuste de Im\u00e1genes Web,An\u00e1lisis de Palabras claves<\/h3>\n<p><span style=\"font-weight: 700;\">SMM:<\/span>\u00a0Si quieres que la gente perciba tu producto como algo cercano a s\u00ed mismo, debes aplicarle una campa\u00f1a de Social media. Podemos decir que el SMM o Social Media Marketing es un concepto cada vez m\u00e1s usado debido a las grandes posibilidades que genera a las empresas y aut\u00f3nomos,<\/p><p>para generar un reconocimiento efectivo, una mayor visibilidad y la gesti\u00f3n de imagen de marca. Podemos asesorarlo en crear campa\u00f1as cada vez m\u00e1s cercanas a la comunidad que ser\u00e1n tus clientes<\/p>\n<p><span style=\"font-weight: 700;\">Mercadeo Por Links<\/span>: Permitir\u00e1 que tus consumidores encontrarte en el internet aprendan de tus servicios. Es una t\u00e9cnica de marketing no intrusiva y donde el usuario no siente que se le est\u00e1 vendiendo sino m\u00e1s bien, se le est\u00e1 brindando valor.<br><\/p>\n<p><span style=\"font-weight: 700;\">Posicionamiento Web:<\/span>\u00a0A trav\u00e9s de diferentes t\u00e9cnicas haremos que tus productos y servicios puedan llegar primero a las terminales web de tus clientes (Y futuros clientes) as\u00ed como tu nos encontraste a nosotros. \u00bfF\u00e1cil, no?<br><\/p>\n<p><span style=\"font-weight: 700;\">Ajuste de Im\u00e1genes Web:<\/span>\u00a0Las im\u00e1genes son un recurso necesario e imprescindible para conseguir mantener la atenci\u00f3n del p\u00fablico y evitar aburrirlos, pero adem\u00e1s son un elemento\u00a0important\u00edsimo para\u00a0mejorar el posicionamiento de la p\u00e1gina si se sabe utilizar el potencial que \u00a0tienen para el SEO.<br><\/p>\n<p><span style=\"font-weight: 700;\">An\u00e1lisis de Palabras claves:<\/span>\u00a0cada una de las sub p\u00e1ginas y vistas \u00a0de tu web tiene palabras que utilizan los robots de los diferentes buscadores. Si sabes c\u00f3mo utilizarlas\u00a0 a tu favor,<\/p><p>la\u00a0p\u00e1gina ser\u00e1 la primera que saltar\u00e1 a la vista de tus clientes cuando est\u00e9n buscando lo que necesiten. Los clientes llegar\u00e1n solos.<\/p>\n\n\n\n\n<h3>Anal\u00edtica del dise\u00f1o Web ,Contenidos efectivos,Campa\u00f1as en Redes Sociales<\/h3>\n\n\n\n\n\n<p><span style=\"font-weight: 700;\">Anal\u00edtica Web:<\/span>\u00a0La anal\u00edtica web consiste en recopilar toda la informaci\u00f3n que proporcionan los usuarios al interactuar con tu sitio web,<\/p><p>para luego analizar todos los datos, con el objetivo de mejorar la experiencia de navegaci\u00f3n y rendimiento de tu negocio.<\/p>\n<p><span style=\"font-weight: 700;\">Mercadeo Movil<\/span>: \u00bfSab\u00edas que puedes usar tu tel\u00e9fono m\u00f3vil para generar ingresos? \u00a0Esta nueva vertiente del marketing ha sido el resultado del auge de la telefon\u00eda m\u00f3vil en Costa Rica,<\/p><p>y sus grandes capacidades como m\u00e9todo para captar y fidelizar clientes.<\/p>\n<p><span style=\"font-weight: 700;\">Contenidos efectivos:<\/span>\u00a0Te ayudamos a que lo que diga tu p\u00e1gina web en cada uno de sus t\u00f3picos sea verdaderamente importante para tus clientes y para tu imagen. Te ayudamos a ser expertos en la materia y a verte como tal.<br><\/p>\n<p><span style=\"font-weight: 700;\">Campa\u00f1as en Redes Sociales:<\/span>\u00a0El nuevo idioma de la publicidad se habla atrav\u00e9s de Facebook, twitter, Instagram, Pinterest, youtube,<\/p><p>linkedin y muchos otros sitios. Las redes sociales ayudan a que tu marca sea percibida por tus clientes como un amigo y no como un producto fr\u00edo en un anaquel.<\/p>\n\n\n\n\n<\/body>","protected":false},"excerpt":{"rendered":"","protected":false},"author":1,"featured_media":0,"parent":0,"menu_order":0,"comment_status":"closed","ping_status":"closed","template":"","meta":{"om_disable_all_campaigns":false,"pagelayer_contact_templates":[],"_pagelayer_content":"","_monsterinsights_skip_tracking":false,"_monsterinsights_sitenote_active":false,"_monsterinsights_sitenote_note":"","_monsterinsights_sitenote_category":0,"_joinchat":[],"footnotes":""},"class_list":["post-150","page","type-page","status-publish","hentry"],"aioseo_notices":[],"jetpack_sharing_enabled":true,"_links":{"self":[{"href":"https:\/\/consultingtotalcr.com\/index.php?rest_route=\/wp\/v2\/pages\/150","targetHints":{"allow":["GET"]}}],"collection":[{"href":"https:\/\/consultingtotalcr.com\/index.php?rest_route=\/wp\/v2\/pages"}],"about":[{"href":"https:\/\/consultingtotalcr.com\/index.php?rest_route=\/wp\/v2\/types\/page"}],"author":[{"embeddable":true,"href":"https:\/\/consultingtotalcr.com\/index.php?rest_route=\/wp\/v2\/users\/1"}],"replies":[{"embeddable":true,"href":"https:\/\/consultingtotalcr.com\/index.php?rest_route=%2Fwp%2Fv2%2Fcomments&post=150"}],"version-history":[{"count":3,"href":"https:\/\/consultingtotalcr.com\/index.php?rest_route=\/wp\/v2\/pages\/150\/revisions"}],"predecessor-version":[{"id":301,"href":"https:\/\/consultingtotalcr.com\/index.php?rest_route=\/wp\/v2\/pages\/150\/revisions\/301"}],"wp:attachment":[{"href":"https:\/\/consultingtotalcr.com\/index.php?rest_route=%2Fwp%2Fv2%2Fmedia&parent=150"}],"curies":[{"name":"wp","href":"https:\/\/api.w.org\/{rel}","templated":true}]}}