{"id":162,"date":"2023-03-11T22:58:23","date_gmt":"2023-03-11T22:58:23","guid":{"rendered":"http:\/\/consultingtotalcr.com\/?page_id=162"},"modified":"2023-03-12T01:18:44","modified_gmt":"2023-03-12T01:18:44","slug":"asesoria-legal","status":"publish","type":"page","link":"https:\/\/consultingtotalcr.com\/?page_id=162","title":{"rendered":"Asesor\u00eda Legal"},"content":{"rendered":"<body>\n\n\n\n\n\n\n\n\n\n<h2 style=\"color: rgb(0, 0, 0);\">Asesor\u00eda Legal<\/h2>\n<p style=\"background-color: rgb(245, 245, 245);\"><span style=\"font-weight: bolder;\"><\/span><\/p><span style=\"background-color:#ffffff;\"><p style=\"\"><span style=\"font-weight: bolder;\">Asesor\u00eda legal en Costa Rica de alto nivel para resolver asuntos complejo.<br><br><\/span><\/p><p><a title=\"Contacto\" href=\"http:\/\/consultingtotalcr.com\/contacto\/\" style=\"box-shadow: none; font-family: Roboto, sans-serif; font-size: 16px;\"><span style=\"font-weight: bolder;\">\u00bfNecesita Un Abogado?\u00a0<\/span><\/a><span style=\"color: rgb(122, 122, 122); font-family: Roboto, sans-serif; font-size: 16px;\">nosotros contamos con\u00a0profesionales de\u00a0gran experiencia dedicados a ayudarlo en todas las ramas del derecho<\/span><span style=\"font-weight: bolder; color: rgb(122, 122, 122); font-family: Roboto, sans-serif; font-size: 16px;\">. \u00a0<\/span><span style=\"color: rgb(122, 122, 122); font-family: Roboto, sans-serif; font-size: 16px;\">\u00a0<br><br>Si nosotros estamos all\u00ed para ayudarlo no necesitar\u00e1 ya un abogado. Brindamos un amplio servicio en soluciones de an\u00e1lisis financiero, donde se busca obtener las medidas y relaciones que faciliten la toma de decisiones con el menor riesgo para su empresa o proyecto.<\/span><\/p><\/span><p><span style=\"color: rgb(122, 122, 122); font-family: Roboto, sans-serif; font-size: 16px; background-color: rgb(245, 245, 245);\"><\/span><br><\/p>\n\n\n\n\n\n\n\n\n\n<h2 style=\"color: rgb(0, 0, 0);\">Te Asesoramos en:<\/h2>\n\nDerecho Penal\nDerecho Civil y Comercial\nDerecho de Tr\u00e1nsito y Tr\u00e1mites vehiculares\nCobro judicial y Derecho Bancario\nDerecho Laboral\nTr\u00e1mites y Notariales\n\n\n\n\n\n\n\n\n\n\n<\/body>","protected":false},"excerpt":{"rendered":"","protected":false},"author":1,"featured_media":0,"parent":0,"menu_order":0,"comment_status":"closed","ping_status":"closed","template":"","meta":{"om_disable_all_campaigns":false,"pagelayer_contact_templates":[],"_pagelayer_content":"","_monsterinsights_skip_tracking":false,"_monsterinsights_sitenote_active":false,"_monsterinsights_sitenote_note":"","_monsterinsights_sitenote_category":0,"_joinchat":[],"footnotes":""},"class_list":["post-162","page","type-page","status-publish","hentry"],"aioseo_notices":[],"jetpack_sharing_enabled":true,"_links":{"self":[{"href":"https:\/\/consultingtotalcr.com\/index.php?rest_route=\/wp\/v2\/pages\/162","targetHints":{"allow":["GET"]}}],"collection":[{"href":"https:\/\/consultingtotalcr.com\/index.php?rest_route=\/wp\/v2\/pages"}],"about":[{"href":"https:\/\/consultingtotalcr.com\/index.php?rest_route=\/wp\/v2\/types\/page"}],"author":[{"embeddable":true,"href":"https:\/\/consultingtotalcr.com\/index.php?rest_route=\/wp\/v2\/users\/1"}],"replies":[{"embeddable":true,"href":"https:\/\/consultingtotalcr.com\/index.php?rest_route=%2Fwp%2Fv2%2Fcomments&post=162"}],"version-history":[{"count":12,"href":"https:\/\/consultingtotalcr.com\/index.php?rest_route=\/wp\/v2\/pages\/162\/revisions"}],"predecessor-version":[{"id":487,"href":"https:\/\/consultingtotalcr.com\/index.php?rest_route=\/wp\/v2\/pages\/162\/revisions\/487"}],"wp:attachment":[{"href":"https:\/\/consultingtotalcr.com\/index.php?rest_route=%2Fwp%2Fv2%2Fmedia&parent=162"}],"curies":[{"name":"wp","href":"https:\/\/api.w.org\/{rel}","templated":true}]}}