{"id":167,"date":"2023-02-18T22:51:30","date_gmt":"2023-02-18T22:51:30","guid":{"rendered":"http:\/\/consultingtotalcr.com\/?page_id=167"},"modified":"2023-03-12T03:02:05","modified_gmt":"2023-03-12T03:02:05","slug":"contabilidad-en-america-latina","status":"publish","type":"page","link":"https:\/\/consultingtotalcr.com\/?page_id=167","title":{"rendered":"Contabilidad en Am\u00e9rica Latina"},"content":{"rendered":"<body>\n\n\n<h1>Contabilidad<\/h1>\n<p style=\"font-size: x-large;\">Contamos con los mejores profesionales en  Contabilidad Internacional. Tenemos como precepto acompa\u00f1arlo durante cada fase del ciclo econ\u00f3mico de su negocio.<\/p>\n<p style=\"font-size: x-large;\">Y por labor integrar las principales variables de su empresa o proyecto a una estrategia claramente definida, con metas y objetivos realizables. <br><br>Le ayudamos a mantener sus libros contables al d\u00eda, y a llevar todos los requisitos de ley para que su empresa est\u00e9 solvente y econ\u00f3micamente sana.<\/p>\n\n\n\n\n\n\n\n\n\n\n\n\n\n\n<h3 style=\"color: rgb(0, 0, 0);\">Para ello la consultor\u00eda empresarial que ofrecemos est\u00e1 compuesta de:<\/h3>\n\n\n\n\n\n\n\n\n\n\n\n\n\n\n\n\n\n\n\n\n\n\n\n\n\n\n\n\n\n\n\n\n\n\n\n\n\n\n\n<\/body>","protected":false},"excerpt":{"rendered":"","protected":false},"author":1,"featured_media":0,"parent":0,"menu_order":0,"comment_status":"closed","ping_status":"closed","template":"","meta":{"om_disable_all_campaigns":false,"pagelayer_contact_templates":[],"_pagelayer_content":"","_monsterinsights_skip_tracking":false,"_monsterinsights_sitenote_active":false,"_monsterinsights_sitenote_note":"","_monsterinsights_sitenote_category":0,"_joinchat":[],"footnotes":""},"class_list":["post-167","page","type-page","status-publish","hentry"],"aioseo_notices":[],"jetpack_sharing_enabled":true,"_links":{"self":[{"href":"https:\/\/consultingtotalcr.com\/index.php?rest_route=\/wp\/v2\/pages\/167","targetHints":{"allow":["GET"]}}],"collection":[{"href":"https:\/\/consultingtotalcr.com\/index.php?rest_route=\/wp\/v2\/pages"}],"about":[{"href":"https:\/\/consultingtotalcr.com\/index.php?rest_route=\/wp\/v2\/types\/page"}],"author":[{"embeddable":true,"href":"https:\/\/consultingtotalcr.com\/index.php?rest_route=\/wp\/v2\/users\/1"}],"replies":[{"embeddable":true,"href":"https:\/\/consultingtotalcr.com\/index.php?rest_route=%2Fwp%2Fv2%2Fcomments&post=167"}],"version-history":[{"count":3,"href":"https:\/\/consultingtotalcr.com\/index.php?rest_route=\/wp\/v2\/pages\/167\/revisions"}],"predecessor-version":[{"id":504,"href":"https:\/\/consultingtotalcr.com\/index.php?rest_route=\/wp\/v2\/pages\/167\/revisions\/504"}],"wp:attachment":[{"href":"https:\/\/consultingtotalcr.com\/index.php?rest_route=%2Fwp%2Fv2%2Fmedia&parent=167"}],"curies":[{"name":"wp","href":"https:\/\/api.w.org\/{rel}","templated":true}]}}