{"id":174,"date":"2023-02-18T22:53:59","date_gmt":"2023-02-18T22:53:59","guid":{"rendered":"http:\/\/consultingtotalcr.com\/?page_id=174"},"modified":"2023-02-21T01:29:46","modified_gmt":"2023-02-21T01:29:46","slug":"finanzas","status":"publish","type":"page","link":"https:\/\/consultingtotalcr.com\/?page_id=174","title":{"rendered":"Finanzas"},"content":{"rendered":"<body>\n\n\n\n\n<h2>Finanzas<\/h2>\n\n\n\n\n\n\n\n\n\n<p>Finanzas un factor que forma parte de lo que ser\u00e1 el \u00e9xito de nuestra empresa y nos ayudara alcanzar nuestras ganancias de la mejor forma.<br><br><\/p><h3>\u00bfPorqu\u00e9 es importante llevar bien las finanzas en las empresas?<br><br><\/h3><p>Ya dec\u00eda el sabio que \u201cla parte m\u00e1s importante en un negocio son los clientes\u201d. Aquellos empresarios que no est\u00e1n pendientes de los n\u00fameros,<\/p><p>y hacia d\u00f3nde va el dinero, muy probablemente quebrar\u00e1n cerca de su primer a\u00f1o de constituidos.<\/p><p>En Consulting Total somos una empresa de Costa Rica (pero que trabajamos a escala internacional) donde nos\u00a0\u00a0preparamos para asesorarlos,<\/p><p>a trav\u00e9s las \u00a0finanzas y la contabilidad en todo lo relativo a la medici\u00f3n de capitales,<\/p><p>y al an\u00e1lisis de uno de los elementos m\u00e1s importantes de una empresa, el dinero.<\/p>\n\n\n\n\n<h3>Los asesoramos en:<\/h3>\n\n\n\n\n<p>Es el estado que muestra el movimiento del ingreso y del gasto. A trav\u00e9s de este estudio usted puede concentrarse enincrementar sus ventas\u00a0 repitiendo las actividades ya realizadas de una manera consciente.\n<\/p><p>Retorno de inversi\u00f3n: A trav\u00e9s de este an\u00e1lisis, podemos determinar cu\u00e1l es el indicador financiero de la efectividad de la inversi\u00f3n;\u00a0en el mercadeo, en la rentabilidad o la ganancia de su empresa.<\/p><p><span style=\"font-weight: 700;\">Financiamiento \u00f3ptimo:\u00a0<\/span>\u00bfCu\u00e1l es el porcentaje de deuda de largo plazo y cu\u00e1l el porcentaje de capital accionario que deber\u00eda utilizarse para maximizar el valor de la empresa? \u00bfEs viable pedirle al banco un pr\u00e9stamo en este momento?. Los ayudamos a tomar estas decisiones d\u00e1ndole datos y m\u00e9tricas espec\u00edficas.<\/p>\n\n\n<\/body>","protected":false},"excerpt":{"rendered":"","protected":false},"author":1,"featured_media":0,"parent":0,"menu_order":0,"comment_status":"closed","ping_status":"closed","template":"","meta":{"om_disable_all_campaigns":false,"pagelayer_contact_templates":[],"_pagelayer_content":"","_monsterinsights_skip_tracking":false,"_monsterinsights_sitenote_active":false,"_monsterinsights_sitenote_note":"","_monsterinsights_sitenote_category":0,"_joinchat":[],"footnotes":""},"class_list":["post-174","page","type-page","status-publish","hentry"],"aioseo_notices":[],"jetpack_sharing_enabled":true,"_links":{"self":[{"href":"https:\/\/consultingtotalcr.com\/index.php?rest_route=\/wp\/v2\/pages\/174","targetHints":{"allow":["GET"]}}],"collection":[{"href":"https:\/\/consultingtotalcr.com\/index.php?rest_route=\/wp\/v2\/pages"}],"about":[{"href":"https:\/\/consultingtotalcr.com\/index.php?rest_route=\/wp\/v2\/types\/page"}],"author":[{"embeddable":true,"href":"https:\/\/consultingtotalcr.com\/index.php?rest_route=\/wp\/v2\/users\/1"}],"replies":[{"embeddable":true,"href":"https:\/\/consultingtotalcr.com\/index.php?rest_route=%2Fwp%2Fv2%2Fcomments&post=174"}],"version-history":[{"count":4,"href":"https:\/\/consultingtotalcr.com\/index.php?rest_route=\/wp\/v2\/pages\/174\/revisions"}],"predecessor-version":[{"id":311,"href":"https:\/\/consultingtotalcr.com\/index.php?rest_route=\/wp\/v2\/pages\/174\/revisions\/311"}],"wp:attachment":[{"href":"https:\/\/consultingtotalcr.com\/index.php?rest_route=%2Fwp%2Fv2%2Fmedia&parent=174"}],"curies":[{"name":"wp","href":"https:\/\/api.w.org\/{rel}","templated":true}]}}