{"id":179,"date":"2023-02-18T22:59:19","date_gmt":"2023-02-18T22:59:19","guid":{"rendered":"http:\/\/consultingtotalcr.com\/?page_id=179"},"modified":"2023-03-12T23:05:09","modified_gmt":"2023-03-12T23:05:09","slug":"publicidad","status":"publish","type":"page","link":"https:\/\/consultingtotalcr.com\/?page_id=179","title":{"rendered":"Publicidad"},"content":{"rendered":"<body>\n\n\n\n\n\n<h2 style=\"color: rgb(0, 0, 0);\">Publicidad<\/h2>\n\n\n\n\n\n<p><span style=\"color: rgb(119, 119, 119); font-family: Montserrat; letter-spacing: normal; text-align: start; text-decoration-style: initial; font-weight: 700;\">Un negocio sin publicidad es como sonre\u00edrle a una chica en la oscuridad.<\/span><span style=\"color: rgb(119, 119, 119); font-family: Montserrat; letter-spacing: normal; text-align: start; text-decoration-style: initial;\">\u00a0Usted sabe lo que est\u00e1 haciendo, pero nadie m\u00e1s.<\/span><br><\/p>\n\n\n\n\n\n\n<p style=\"text-align: center;\">Te asesoramos en la venta, y en la creaci\u00f3n de departamentos de compra.<\/p>\n<p style=\"text-align: center;\">Te ayudamos a realizar un papel de trabajo de mercadeo que pueda ser puesto en pr\u00e1ctica en el d\u00eda a d\u00eda.<\/p>\n<p style=\"text-align: center;\">En la actualidad quien no est\u00e1 en internet no existe. Y quien no est\u00e1 de manera adecuada pierde muchos clientes. <\/p>\n<p style=\"text-align: center;\">F\u00e1cilmente podemos ayudarte a desarrollar planes de medio para presentar tu marca, productos y servicios.<\/p>\n\n\n\n\n\n\n\n\n\n\n\n<\/body>","protected":false},"excerpt":{"rendered":"","protected":false},"author":1,"featured_media":0,"parent":0,"menu_order":0,"comment_status":"closed","ping_status":"closed","template":"","meta":{"om_disable_all_campaigns":false,"pagelayer_contact_templates":[],"_pagelayer_content":"","_monsterinsights_skip_tracking":false,"_monsterinsights_sitenote_active":false,"_monsterinsights_sitenote_note":"","_monsterinsights_sitenote_category":0,"_joinchat":[],"footnotes":""},"class_list":["post-179","page","type-page","status-publish","hentry"],"aioseo_notices":[],"jetpack_sharing_enabled":true,"_links":{"self":[{"href":"https:\/\/consultingtotalcr.com\/index.php?rest_route=\/wp\/v2\/pages\/179","targetHints":{"allow":["GET"]}}],"collection":[{"href":"https:\/\/consultingtotalcr.com\/index.php?rest_route=\/wp\/v2\/pages"}],"about":[{"href":"https:\/\/consultingtotalcr.com\/index.php?rest_route=\/wp\/v2\/types\/page"}],"author":[{"embeddable":true,"href":"https:\/\/consultingtotalcr.com\/index.php?rest_route=\/wp\/v2\/users\/1"}],"replies":[{"embeddable":true,"href":"https:\/\/consultingtotalcr.com\/index.php?rest_route=%2Fwp%2Fv2%2Fcomments&post=179"}],"version-history":[{"count":5,"href":"https:\/\/consultingtotalcr.com\/index.php?rest_route=\/wp\/v2\/pages\/179\/revisions"}],"predecessor-version":[{"id":535,"href":"https:\/\/consultingtotalcr.com\/index.php?rest_route=\/wp\/v2\/pages\/179\/revisions\/535"}],"wp:attachment":[{"href":"https:\/\/consultingtotalcr.com\/index.php?rest_route=%2Fwp%2Fv2%2Fmedia&parent=179"}],"curies":[{"name":"wp","href":"https:\/\/api.w.org\/{rel}","templated":true}]}}