{"id":184,"date":"2023-02-18T23:02:06","date_gmt":"2023-02-18T23:02:06","guid":{"rendered":"http:\/\/consultingtotalcr.com\/?page_id=184"},"modified":"2023-03-12T15:55:15","modified_gmt":"2023-03-12T15:55:15","slug":"mercadeo","status":"publish","type":"page","link":"https:\/\/consultingtotalcr.com\/?page_id=184","title":{"rendered":"Mercadeo"},"content":{"rendered":"<body>\n\n\n<h1>Mercadeo<\/h1>\n\n\n<p>En <strong>Consulting Total<\/strong> contamos con los mejores expertos en mercadeo para mejorar el valor de sus productos y servicios a trav\u00e9s del posicionamiento de su marca en la conciencia de los clientes.<br><\/p>\n<p>Nuestra amplia experiencia entendiendo c\u00f3mo se mueven los mercados, nos permite conocer r\u00e1pidamente las cuestiones fundamentales.<br><\/p>\n<p>Y as\u00ed reaccionar para que nuestros clientes sean m\u00e1s visibles.\u00a0Nosotros entendemos c\u00f3mo hacer que la publicidad y el mercadeo sea una herramienta para hacer crecer las inversiones de su empresa.<br><\/p>\n\n\n\n\n<p><strong>Campa\u00f1as de Marketing:<\/strong> Manejamos el mercadeo a nivel global de su productos, diversific\u00e1ndola en diferentes medios y a trav\u00e9s de diferentes estrategias.\n<strong><br>Marketing Promocional: <\/strong>\u00bfQuiere darle un giro a su producto,\no hacer que una nueva caracter\u00edstica lo haga resaltar de la competencia? \u00a1Ll\u00e1menos y lo haremos por usted!<strong><br>Investigaciones de Mercado \/ Market Research:<\/strong> Es muy complicado hacer que una campa\u00f1a sea efectiva si no se conoce el mercado.\nY por supuesto a los consumidores.\u00a0<strong><br>Lanzamiento de Productos y servicios:<\/strong> Podemos asesorarte en todo lo necesario para lanzar un producto al mercado.\nAs\u00ed como en el desarrollo de diferentes t\u00e9cnicas de elaboraci\u00f3n de empaques,\n\nvisibilidad de marca.<\/p>\n\n\n\n\n\n<p><strong>Estrategias de Marketing para empresas:<\/strong> Si est\u00e1s comenzando en el mercado no debes hacer lo mismo que la competidora m\u00e1s fuerte.\u00a0<strong><br>Marketing para negocios:<\/strong> Si tu empresa es de servicios tu producto no est\u00e1 enlatado,\ntu producto eres t\u00fa. No todas las empresas de publicidad pueden brindarte una asesor\u00eda correcta cuando lo que vendes no viene en un empaque brillante.\n<strong><br>Marketing para minoristas:<\/strong> as\u00ed como hemos trabajado con empresas muy grandes, tambi\u00e9n podemos ofrecerles grandes posibilidades a los minoristas.<strong><br>Desarrollo de Marketing Estrat\u00e9gico:<\/strong> Te ayudamos a identificar las debilidades y fortalezas de tu negocio. El marketing estrat\u00e9gico busca conocer las necesidades actuales y futuras de nuestros clientes.<\/p>\n\n\n\n\n<\/body>","protected":false},"excerpt":{"rendered":"","protected":false},"author":1,"featured_media":0,"parent":0,"menu_order":0,"comment_status":"closed","ping_status":"closed","template":"","meta":{"om_disable_all_campaigns":false,"pagelayer_contact_templates":[],"_pagelayer_content":"","_monsterinsights_skip_tracking":false,"_monsterinsights_sitenote_active":false,"_monsterinsights_sitenote_note":"","_monsterinsights_sitenote_category":0,"_joinchat":[],"footnotes":""},"class_list":["post-184","page","type-page","status-publish","hentry"],"aioseo_notices":[],"jetpack_sharing_enabled":true,"_links":{"self":[{"href":"https:\/\/consultingtotalcr.com\/index.php?rest_route=\/wp\/v2\/pages\/184","targetHints":{"allow":["GET"]}}],"collection":[{"href":"https:\/\/consultingtotalcr.com\/index.php?rest_route=\/wp\/v2\/pages"}],"about":[{"href":"https:\/\/consultingtotalcr.com\/index.php?rest_route=\/wp\/v2\/types\/page"}],"author":[{"embeddable":true,"href":"https:\/\/consultingtotalcr.com\/index.php?rest_route=\/wp\/v2\/users\/1"}],"replies":[{"embeddable":true,"href":"https:\/\/consultingtotalcr.com\/index.php?rest_route=%2Fwp%2Fv2%2Fcomments&post=184"}],"version-history":[{"count":4,"href":"https:\/\/consultingtotalcr.com\/index.php?rest_route=\/wp\/v2\/pages\/184\/revisions"}],"predecessor-version":[{"id":519,"href":"https:\/\/consultingtotalcr.com\/index.php?rest_route=\/wp\/v2\/pages\/184\/revisions\/519"}],"wp:attachment":[{"href":"https:\/\/consultingtotalcr.com\/index.php?rest_route=%2Fwp%2Fv2%2Fmedia&parent=184"}],"curies":[{"name":"wp","href":"https:\/\/api.w.org\/{rel}","templated":true}]}}